{"id":340281,"date":"2020-03-14T16:56:01","date_gmt":"2020-03-14T16:56:01","guid":{"rendered":"http:\/\/incacao.be\/product\/origine-dark-70-tanzanie\/"},"modified":"2020-03-14T16:56:01","modified_gmt":"2020-03-14T16:56:01","slug":"origine-dark-70-tanzanie","status":"publish","type":"product","link":"https:\/\/incacao.be\/fr\/produit\/origine-dark-70-tanzanie\/","title":{"rendered":"Origine Dark 70% : Tanzanie"},"content":{"rendered":"","protected":false},"excerpt":{"rendered":"<p><strong>Tanzanie &#8211; 70% Cacao<\/strong><\/p>\n<p><strong>Bean to bar avec une histoire<\/strong><br \/>\nOrigine : Tanzanie<br \/>\nR\u00e9gion : Vall\u00e9e du Kilombero<br \/>\nVari\u00e9t\u00e9 : Trinitario et N\u00e9o-national<br \/>\nNotes : Fruits rouges, floral, noisette<br \/>\n* D\u00e9couvrez le passeport complet \u00e0 l&rsquo;int\u00e9rieur du coffret de la barre chocolat\u00e9e<\/p>\n<p><strong>Combiner gastronomie et technologie alimentaire<\/strong><\/p>\n<ul>\n<li>Respectueux du m\u00e9tabolisme<\/li>\n<li>Combinaison d&rsquo;\u00e9dulcorants \u00e0 base de sucre naturel<\/li>\n<li>Faible glyc\u00e9mie<\/li>\n<li>Amical Keto<\/li>\n<li>C8 pur (d\u00e9riv\u00e9 de noix de coco)<\/li>\n<li>Complexe Collag\u00e8ne<\/li>\n<\/ul>\n","protected":false},"featured_media":339622,"template":"","meta":[],"product_cat":[107],"product_tag":[],"class_list":{"0":"post-340281","1":"product","2":"type-product","3":"status-publish","4":"has-post-thumbnail","6":"product_cat-chocolat-noir-70","8":"first","9":"instock","10":"taxable","11":"shipping-taxable","12":"purchasable","13":"product-type-simple"},"yoast_head":"<!-- This site is optimized with the Yoast SEO plugin v24.2 - https:\/\/yoast.com\/wordpress\/plugins\/seo\/ -->\n<title>Origine Dark 70% : Tanzanie &#8211; Inca&#039;cao<\/title>\n<meta name=\"robots\" content=\"index, follow, max-snippet:-1, max-image-preview:large, max-video-preview:-1\" \/>\n<link rel=\"canonical\" href=\"https:\/\/incacao.be\/fr\/produit\/origine-dark-70-tanzanie\/\" \/>\n<meta property=\"og:locale\" content=\"fr_FR\" \/>\n<meta property=\"og:type\" content=\"article\" \/>\n<meta property=\"og:title\" content=\"Origine Dark 70% : Tanzanie &#8211; Inca&#039;cao\" \/>\n<meta property=\"og:description\" content=\"Tanzanie - 70% Cacao  Bean to bar avec une histoire Origine : Tanzanie R\u00e9gion : Vall\u00e9e du Kilombero Vari\u00e9t\u00e9 : Trinitario et N\u00e9o-national Notes : Fruits rouges, floral, noisette * D\u00e9couvrez le passeport complet \u00e0 l&#039;int\u00e9rieur du coffret de la barre chocolat\u00e9e  Combiner gastronomie et technologie alimentaire   Respectueux du m\u00e9tabolisme  Combinaison d&#039;\u00e9dulcorants \u00e0 base de sucre naturel  Faible glyc\u00e9mie  Amical Keto  C8 pur (d\u00e9riv\u00e9 de noix de coco)  Complexe Collag\u00e8ne\" \/>\n<meta property=\"og:url\" content=\"https:\/\/incacao.be\/fr\/produit\/origine-dark-70-tanzanie\/\" \/>\n<meta property=\"og:site_name\" content=\"Inca&#039;cao\" \/>\n<meta property=\"article:publisher\" content=\"https:\/\/www.facebook.com\/incacao\" \/>\n<meta name=\"twitter:card\" content=\"summary_large_image\" \/>\n<meta name=\"twitter:site\" content=\"@Incacao1\" \/>\n<script type=\"application\/ld+json\" class=\"yoast-schema-graph\">{\"@context\":\"https:\/\/schema.org\",\"@graph\":[{\"@type\":\"WebPage\",\"@id\":\"https:\/\/incacao.be\/fr\/produit\/origine-dark-70-tanzanie\/\",\"url\":\"https:\/\/incacao.be\/fr\/produit\/origine-dark-70-tanzanie\/\",\"name\":\"Origine Dark 70% : Tanzanie &#8211; Inca&#039;cao\",\"isPartOf\":{\"@id\":\"https:\/\/incacao.be\/fr\/#website\"},\"primaryImageOfPage\":{\"@id\":\"https:\/\/incacao.be\/fr\/produit\/origine-dark-70-tanzanie\/#primaryimage\"},\"image\":{\"@id\":\"https:\/\/incacao.be\/fr\/produit\/origine-dark-70-tanzanie\/#primaryimage\"},\"thumbnailUrl\":\"https:\/\/incacao.be\/wp-content\/uploads\/2020\/03\/Origine-Dark-Tanzanie-1.jpg\",\"datePublished\":\"2020-03-14T16:56:01+00:00\",\"dateModified\":\"2020-03-14T16:56:01+00:00\",\"breadcrumb\":{\"@id\":\"https:\/\/incacao.be\/fr\/produit\/origine-dark-70-tanzanie\/#breadcrumb\"},\"inLanguage\":\"fr-FR\",\"potentialAction\":[{\"@type\":\"ReadAction\",\"target\":[\"https:\/\/incacao.be\/fr\/produit\/origine-dark-70-tanzanie\/\"]}]},{\"@type\":\"ImageObject\",\"inLanguage\":\"fr-FR\",\"@id\":\"https:\/\/incacao.be\/fr\/produit\/origine-dark-70-tanzanie\/#primaryimage\",\"url\":\"https:\/\/incacao.be\/wp-content\/uploads\/2020\/03\/Origine-Dark-Tanzanie-1.jpg\",\"contentUrl\":\"https:\/\/incacao.be\/wp-content\/uploads\/2020\/03\/Origine-Dark-Tanzanie-1.jpg\",\"width\":827,\"height\":827},{\"@type\":\"BreadcrumbList\",\"@id\":\"https:\/\/incacao.be\/fr\/produit\/origine-dark-70-tanzanie\/#breadcrumb\",\"itemListElement\":[{\"@type\":\"ListItem\",\"position\":1,\"name\":\"Home\",\"item\":\"https:\/\/incacao.be\/fr\/\"},{\"@type\":\"ListItem\",\"position\":2,\"name\":\"Product Archief\",\"item\":\"https:\/\/incacao.be\/fr\/product-archief\/\"},{\"@type\":\"ListItem\",\"position\":3,\"name\":\"Origine Dark 70% : Tanzanie\"}]},{\"@type\":\"WebSite\",\"@id\":\"https:\/\/incacao.be\/fr\/#website\",\"url\":\"https:\/\/incacao.be\/fr\/\",\"name\":\"Inca&#039;cao\",\"description\":\"Gastronomie chocolat\u00e9e innovante - bean to bar\",\"publisher\":{\"@id\":\"https:\/\/incacao.be\/fr\/#organization\"},\"potentialAction\":[{\"@type\":\"SearchAction\",\"target\":{\"@type\":\"EntryPoint\",\"urlTemplate\":\"https:\/\/incacao.be\/fr\/?s={search_term_string}\"},\"query-input\":{\"@type\":\"PropertyValueSpecification\",\"valueRequired\":true,\"valueName\":\"search_term_string\"}}],\"inLanguage\":\"fr-FR\"},{\"@type\":\"Organization\",\"@id\":\"https:\/\/incacao.be\/fr\/#organization\",\"name\":\"Inca'cao\",\"url\":\"https:\/\/incacao.be\/fr\/\",\"logo\":{\"@type\":\"ImageObject\",\"inLanguage\":\"fr-FR\",\"@id\":\"https:\/\/incacao.be\/fr\/#\/schema\/logo\/image\/\",\"url\":\"https:\/\/incacao.be\/wp-content\/uploads\/2019\/07\/LOGOTY_1.jpg\",\"contentUrl\":\"https:\/\/incacao.be\/wp-content\/uploads\/2019\/07\/LOGOTY_1.jpg\",\"width\":994,\"height\":850,\"caption\":\"Inca'cao\"},\"image\":{\"@id\":\"https:\/\/incacao.be\/fr\/#\/schema\/logo\/image\/\"},\"sameAs\":[\"https:\/\/www.facebook.com\/incacao\",\"https:\/\/x.com\/Incacao1\",\"https:\/\/www.instagram.com\/incacao.keto\/\",\"https:\/\/www.linkedin.com\/in\/vincent-bulteel-4021a216b\/\",\"https:\/\/www.pinterest.com\/incacao\/\"]}]}<\/script>\n<!-- \/ Yoast SEO plugin. -->","yoast_head_json":{"title":"Origine Dark 70% : Tanzanie &#8211; Inca&#039;cao","robots":{"index":"index","follow":"follow","max-snippet":"max-snippet:-1","max-image-preview":"max-image-preview:large","max-video-preview":"max-video-preview:-1"},"canonical":"https:\/\/incacao.be\/fr\/produit\/origine-dark-70-tanzanie\/","og_locale":"fr_FR","og_type":"article","og_title":"Origine Dark 70% : Tanzanie &#8211; Inca&#039;cao","og_description":"Tanzanie - 70% Cacao  Bean to bar avec une histoire Origine : Tanzanie R\u00e9gion : Vall\u00e9e du Kilombero Vari\u00e9t\u00e9 : Trinitario et N\u00e9o-national Notes : Fruits rouges, floral, noisette * D\u00e9couvrez le passeport complet \u00e0 l'int\u00e9rieur du coffret de la barre chocolat\u00e9e  Combiner gastronomie et technologie alimentaire   Respectueux du m\u00e9tabolisme  Combinaison d'\u00e9dulcorants \u00e0 base de sucre naturel  Faible glyc\u00e9mie  Amical Keto  C8 pur (d\u00e9riv\u00e9 de noix de coco)  Complexe Collag\u00e8ne","og_url":"https:\/\/incacao.be\/fr\/produit\/origine-dark-70-tanzanie\/","og_site_name":"Inca&#039;cao","article_publisher":"https:\/\/www.facebook.com\/incacao","twitter_card":"summary_large_image","twitter_site":"@Incacao1","schema":{"@context":"https:\/\/schema.org","@graph":[{"@type":"WebPage","@id":"https:\/\/incacao.be\/fr\/produit\/origine-dark-70-tanzanie\/","url":"https:\/\/incacao.be\/fr\/produit\/origine-dark-70-tanzanie\/","name":"Origine Dark 70% : Tanzanie &#8211; Inca&#039;cao","isPartOf":{"@id":"https:\/\/incacao.be\/fr\/#website"},"primaryImageOfPage":{"@id":"https:\/\/incacao.be\/fr\/produit\/origine-dark-70-tanzanie\/#primaryimage"},"image":{"@id":"https:\/\/incacao.be\/fr\/produit\/origine-dark-70-tanzanie\/#primaryimage"},"thumbnailUrl":"https:\/\/incacao.be\/wp-content\/uploads\/2020\/03\/Origine-Dark-Tanzanie-1.jpg","datePublished":"2020-03-14T16:56:01+00:00","dateModified":"2020-03-14T16:56:01+00:00","breadcrumb":{"@id":"https:\/\/incacao.be\/fr\/produit\/origine-dark-70-tanzanie\/#breadcrumb"},"inLanguage":"fr-FR","potentialAction":[{"@type":"ReadAction","target":["https:\/\/incacao.be\/fr\/produit\/origine-dark-70-tanzanie\/"]}]},{"@type":"ImageObject","inLanguage":"fr-FR","@id":"https:\/\/incacao.be\/fr\/produit\/origine-dark-70-tanzanie\/#primaryimage","url":"https:\/\/incacao.be\/wp-content\/uploads\/2020\/03\/Origine-Dark-Tanzanie-1.jpg","contentUrl":"https:\/\/incacao.be\/wp-content\/uploads\/2020\/03\/Origine-Dark-Tanzanie-1.jpg","width":827,"height":827},{"@type":"BreadcrumbList","@id":"https:\/\/incacao.be\/fr\/produit\/origine-dark-70-tanzanie\/#breadcrumb","itemListElement":[{"@type":"ListItem","position":1,"name":"Home","item":"https:\/\/incacao.be\/fr\/"},{"@type":"ListItem","position":2,"name":"Product Archief","item":"https:\/\/incacao.be\/fr\/product-archief\/"},{"@type":"ListItem","position":3,"name":"Origine Dark 70% : Tanzanie"}]},{"@type":"WebSite","@id":"https:\/\/incacao.be\/fr\/#website","url":"https:\/\/incacao.be\/fr\/","name":"Inca&#039;cao","description":"Gastronomie chocolat\u00e9e innovante - bean to bar","publisher":{"@id":"https:\/\/incacao.be\/fr\/#organization"},"potentialAction":[{"@type":"SearchAction","target":{"@type":"EntryPoint","urlTemplate":"https:\/\/incacao.be\/fr\/?s={search_term_string}"},"query-input":{"@type":"PropertyValueSpecification","valueRequired":true,"valueName":"search_term_string"}}],"inLanguage":"fr-FR"},{"@type":"Organization","@id":"https:\/\/incacao.be\/fr\/#organization","name":"Inca'cao","url":"https:\/\/incacao.be\/fr\/","logo":{"@type":"ImageObject","inLanguage":"fr-FR","@id":"https:\/\/incacao.be\/fr\/#\/schema\/logo\/image\/","url":"https:\/\/incacao.be\/wp-content\/uploads\/2019\/07\/LOGOTY_1.jpg","contentUrl":"https:\/\/incacao.be\/wp-content\/uploads\/2019\/07\/LOGOTY_1.jpg","width":994,"height":850,"caption":"Inca'cao"},"image":{"@id":"https:\/\/incacao.be\/fr\/#\/schema\/logo\/image\/"},"sameAs":["https:\/\/www.facebook.com\/incacao","https:\/\/x.com\/Incacao1","https:\/\/www.instagram.com\/incacao.keto\/","https:\/\/www.linkedin.com\/in\/vincent-bulteel-4021a216b\/","https:\/\/www.pinterest.com\/incacao\/"]}]}},"_links":{"self":[{"href":"https:\/\/incacao.be\/fr\/wp-json\/wp\/v2\/product\/340281"}],"collection":[{"href":"https:\/\/incacao.be\/fr\/wp-json\/wp\/v2\/product"}],"about":[{"href":"https:\/\/incacao.be\/fr\/wp-json\/wp\/v2\/types\/product"}],"wp:featuredmedia":[{"embeddable":true,"href":"https:\/\/incacao.be\/fr\/wp-json\/wp\/v2\/media\/339622"}],"wp:attachment":[{"href":"https:\/\/incacao.be\/fr\/wp-json\/wp\/v2\/media?parent=340281"}],"wp:term":[{"taxonomy":"product_cat","embeddable":true,"href":"https:\/\/incacao.be\/fr\/wp-json\/wp\/v2\/product_cat?post=340281"},{"taxonomy":"product_tag","embeddable":true,"href":"https:\/\/incacao.be\/fr\/wp-json\/wp\/v2\/product_tag?post=340281"}],"curies":[{"name":"wp","href":"https:\/\/api.w.org\/{rel}","templated":true}]}}